{"id":568,"date":"2024-04-23T13:26:45","date_gmt":"2024-04-23T13:26:45","guid":{"rendered":"https:\/\/teatrovillalobos.com.br\/?page_id=568"},"modified":"2024-04-23T13:45:30","modified_gmt":"2024-04-23T13:45:30","slug":"quem-somos","status":"publish","type":"page","link":"https:\/\/teatrovillalobos.com.br\/index.php\/quem-somos\/","title":{"rendered":"Quem Somos"},"content":{"rendered":"\t\t<div data-elementor-type=\"wp-page\" data-elementor-id=\"568\" class=\"elementor elementor-568\" data-elementor-post-type=\"page\">\n\t\t\t\t<div class=\"elementor-element elementor-element-f87f439 e-flex e-con-boxed e-con e-parent\" data-id=\"f87f439\" data-element_type=\"container\" data-e-type=\"container\" data-settings=\"{&quot;background_background&quot;:&quot;classic&quot;}\">\n\t\t\t\t\t<div class=\"e-con-inner\">\n\t\t<div class=\"elementor-element elementor-element-ac7b73c e-con-full e-flex e-con e-child\" data-id=\"ac7b73c\" data-element_type=\"container\" data-e-type=\"container\">\n\t\t\t\t<div class=\"elementor-element elementor-element-033b6e0 elementor-widget-divider--view-line_text elementor-widget-divider--element-align-left elementor-widget elementor-widget-divider\" data-id=\"033b6e0\" data-element_type=\"widget\" data-e-type=\"widget\" data-widget_type=\"divider.default\">\n\t\t\t\t<div class=\"elementor-widget-container\">\n\t\t\t\t\t\t\t<div class=\"elementor-divider\">\n\t\t\t<span class=\"elementor-divider-separator\">\n\t\t\t\t\t\t\t<span class=\"elementor-divider__text elementor-divider__element\">\n\t\t\t\tQUEM SOMOS\t\t\t\t<\/span>\n\t\t\t\t\t\t<\/span>\n\t\t<\/div>\n\t\t\t\t\t\t<\/div>\n\t\t\t\t<\/div>\n\t\t<div class=\"elementor-element elementor-element-fb07eef e-con-full e-flex e-con e-child\" data-id=\"fb07eef\" data-element_type=\"container\" data-e-type=\"container\" data-settings=\"{&quot;background_background&quot;:&quot;classic&quot;}\">\n\t\t\t\t<div class=\"elementor-element elementor-element-03d75db elementor-widget elementor-widget-heading\" data-id=\"03d75db\" data-element_type=\"widget\" data-e-type=\"widget\" data-widget_type=\"heading.default\">\n\t\t\t\t<div class=\"elementor-widget-container\">\n\t\t\t\t\t<h2 class=\"elementor-heading-title elementor-size-default\">Teatro VillaLobos<\/h2>\t\t\t\t<\/div>\n\t\t\t\t<\/div>\n\t\t\t\t<div class=\"elementor-element elementor-element-0d07a20 elementor-widget elementor-widget-text-editor\" data-id=\"0d07a20\" data-element_type=\"widget\" data-e-type=\"widget\" data-widget_type=\"text-editor.default\">\n\t\t\t\t<div class=\"elementor-widget-container\">\n\t\t\t\t\t\t\t\t\t<p><span dir=\"ltr\" role=\"presentation\">Um espa\u00e7o dedicado \u00e0 celebra\u00e7\u00e3o das artes c\u00eanicas e ao enriquecimento cultural de S\u00e3o <\/span><span dir=\"ltr\" role=\"presentation\">Paulo, desenhado cuidadosamente pelo arquiteto Carlos Bratke (1942-2017). Os projetos <\/span><span dir=\"ltr\" role=\"presentation\">de ac\u00fastica e cenot\u00e9cnica empregam materiais e equipamentos de ponta, que s\u00e3o utilizados\u00a0<\/span><span dir=\"ltr\" role=\"presentation\">nos mais modernos teatros nacionais e internacionais. Nosso teatro tem se destacado como <\/span><span dir=\"ltr\" role=\"presentation\">um importante ponto cultural na cidade, honrando o legado do compositor brasileiro Heitor <\/span><span dir=\"ltr\" role=\"presentation\">Villa-Lobos, a quem o teatro deve seu nome.<\/span><\/p>\t\t\t\t\t\t\t\t<\/div>\n\t\t\t\t<\/div>\n\t\t\t\t<\/div>\n\t\t\t\t<\/div>\n\t\t<div class=\"elementor-element elementor-element-c52c2eb e-flex e-con-boxed e-con e-child\" data-id=\"c52c2eb\" data-element_type=\"container\" data-e-type=\"container\" data-settings=\"{&quot;background_background&quot;:&quot;classic&quot;}\">\n\t\t\t\t\t<div class=\"e-con-inner\">\n\t\t\t\t<div class=\"elementor-element elementor-element-7ba7212 elementor-widget elementor-widget-spacer\" data-id=\"7ba7212\" data-element_type=\"widget\" data-e-type=\"widget\" data-widget_type=\"spacer.default\">\n\t\t\t\t<div class=\"elementor-widget-container\">\n\t\t\t\t\t\t\t<div class=\"elementor-spacer\">\n\t\t\t<div class=\"elementor-spacer-inner\"><\/div>\n\t\t<\/div>\n\t\t\t\t\t\t<\/div>\n\t\t\t\t<\/div>\n\t\t\t\t\t<\/div>\n\t\t\t\t<\/div>\n\t\t\t\t\t<\/div>\n\t\t\t\t<\/div>\n\t\t\t\t<\/div>\n\t\t","protected":false},"excerpt":{"rendered":"<p>QUEM SOMOS Teatro VillaLobos Um espa\u00e7o dedicado \u00e0 celebra\u00e7\u00e3o das artes c\u00eanicas e ao enriquecimento cultural de S\u00e3o Paulo, desenhado cuidadosamente pelo arquiteto Carlos Bratke (1942-2017). Os projetos de ac\u00fastica e cenot\u00e9cnica empregam materiais e equipamentos de ponta, que s\u00e3o utilizados\u00a0nos mais modernos teatros nacionais e internacionais. Nosso teatro tem se destacado como um importante [&hellip;]<\/p>\n","protected":false},"author":1,"featured_media":0,"parent":0,"menu_order":0,"comment_status":"closed","ping_status":"closed","template":"","meta":{"advanced_seo_description":"","jetpack_seo_html_title":"","jetpack_seo_noindex":false,"jetpack_post_was_ever_published":false,"footnotes":""},"class_list":["post-568","page","type-page","status-publish","hentry"],"jetpack_shortlink":"https:\/\/wp.me\/PeiK5a-9a","jetpack-related-posts":[],"jetpack_sharing_enabled":true,"_links":{"self":[{"href":"https:\/\/teatrovillalobos.com.br\/index.php\/wp-json\/wp\/v2\/pages\/568","targetHints":{"allow":["GET"]}}],"collection":[{"href":"https:\/\/teatrovillalobos.com.br\/index.php\/wp-json\/wp\/v2\/pages"}],"about":[{"href":"https:\/\/teatrovillalobos.com.br\/index.php\/wp-json\/wp\/v2\/types\/page"}],"author":[{"embeddable":true,"href":"https:\/\/teatrovillalobos.com.br\/index.php\/wp-json\/wp\/v2\/users\/1"}],"replies":[{"embeddable":true,"href":"https:\/\/teatrovillalobos.com.br\/index.php\/wp-json\/wp\/v2\/comments?post=568"}],"version-history":[{"count":55,"href":"https:\/\/teatrovillalobos.com.br\/index.php\/wp-json\/wp\/v2\/pages\/568\/revisions"}],"predecessor-version":[{"id":623,"href":"https:\/\/teatrovillalobos.com.br\/index.php\/wp-json\/wp\/v2\/pages\/568\/revisions\/623"}],"wp:attachment":[{"href":"https:\/\/teatrovillalobos.com.br\/index.php\/wp-json\/wp\/v2\/media?parent=568"}],"curies":[{"name":"wp","href":"https:\/\/api.w.org\/{rel}","templated":true}]}}